{"id":8,"date":"2017-04-07T15:39:20","date_gmt":"2017-04-07T13:39:20","guid":{"rendered":"http:\/\/lonepeakbagger.com\/?page_id=8"},"modified":"2017-04-25T15:59:07","modified_gmt":"2017-04-25T13:59:07","slug":"a-propos-de","status":"publish","type":"page","link":"https:\/\/lonepeakbagger.com\/index.php\/a-propos-de\/","title":{"rendered":"A propos"},"content":{"rendered":"<p>&nbsp;<\/p>\n<p>Bienvenue sur mon blog !!<\/p>\n<p>Randonneur passionn\u00e9, amoureux de nature et collectionneur de sommets, je vous propose de vous faire partager mes p\u00e9riples en montagne ou ailleurs.<\/p>\n<p>N&rsquo;h\u00e9sitez pas \u00e0 vous abonner afin de me suivre dans mes aventures !!<\/p>\n<p>Merci et bonne lecture !!<\/p>\n<p>David<\/p>\n","protected":false},"excerpt":{"rendered":"<p>&nbsp; Bienvenue sur mon blog !! Randonneur passionn\u00e9, amoureux de nature et collectionneur de sommets, je vous propose de vous faire partager mes p\u00e9riples en montagne ou ailleurs. N&rsquo;h\u00e9sitez pas \u00e0 vous abonner afin de me suivre dans mes aventures !! Merci et bonne lecture !! David<\/p>\n","protected":false},"author":1,"featured_media":35,"parent":0,"menu_order":0,"comment_status":"closed","ping_status":"closed","template":"","meta":{"spay_email":""},"translation":{"provider":"WPGlobus","version":"2.8.11","language":"fr","enabled_languages":["fr","en"],"languages":{"fr":{"title":true,"content":true,"excerpt":false},"en":{"title":true,"content":true,"excerpt":false}}},"jetpack_sharing_enabled":true,"jetpack_shortlink":"https:\/\/wp.me\/P8FGgO-8","jetpack_likes_enabled":true,"_links":{"self":[{"href":"https:\/\/lonepeakbagger.com\/index.php\/wp-json\/wp\/v2\/pages\/8"}],"collection":[{"href":"https:\/\/lonepeakbagger.com\/index.php\/wp-json\/wp\/v2\/pages"}],"about":[{"href":"https:\/\/lonepeakbagger.com\/index.php\/wp-json\/wp\/v2\/types\/page"}],"author":[{"embeddable":true,"href":"https:\/\/lonepeakbagger.com\/index.php\/wp-json\/wp\/v2\/users\/1"}],"replies":[{"embeddable":true,"href":"https:\/\/lonepeakbagger.com\/index.php\/wp-json\/wp\/v2\/comments?post=8"}],"version-history":[{"count":8,"href":"https:\/\/lonepeakbagger.com\/index.php\/wp-json\/wp\/v2\/pages\/8\/revisions"}],"predecessor-version":[{"id":162,"href":"https:\/\/lonepeakbagger.com\/index.php\/wp-json\/wp\/v2\/pages\/8\/revisions\/162"}],"wp:featuredmedia":[{"embeddable":true,"href":"https:\/\/lonepeakbagger.com\/index.php\/wp-json\/wp\/v2\/media\/35"}],"wp:attachment":[{"href":"https:\/\/lonepeakbagger.com\/index.php\/wp-json\/wp\/v2\/media?parent=8"}],"curies":[{"name":"wp","href":"https:\/\/api.w.org\/{rel}","templated":true}]}}